{"id":19,"date":"2024-10-29T13:12:59","date_gmt":"2024-10-29T13:12:59","guid":{"rendered":"http:\/\/maxibilisim.com.tr\/?page_id=19"},"modified":"2024-10-29T14:19:32","modified_gmt":"2024-10-29T14:19:32","slug":"iletisim","status":"publish","type":"page","link":"https:\/\/maxibilisim.com.tr\/?page_id=19","title":{"rendered":"\u0130leti\u015fim"},"content":{"rendered":"\n<!DOCTYPE html>\n<html lang=\"tr\">\n<head>\n    <meta charset=\"UTF-8\">\n    <meta name=\"viewport\" content=\"width=device-width, initial-scale=1.0\">\n    <title>\u0130leti\u015fim<\/title>\n    <link rel=\"stylesheet\" href=\"styles.css\"> <!-- \u0130ste\u011fe ba\u011fl\u0131 stil dosyas\u0131 -->\n<\/head>\n<body>\n    <header>\n        <h1><\/h1>\n    <\/header>\n    <main>\n        <section>\n            <h2>Bize Ula\u015f\u0131n<\/h2>\n            <form action=\"submit_form.php\" method=\"POST\">\n                <label for=\"name\">Ad\u0131n\u0131z:<\/label>\n                <input type=\"text\" id=\"name\" name=\"name\" required>\n\n                <label for=\"email\">E-posta:<\/label>\n                <input type=\"email\" id=\"email\" name=\"email\" required>\n\n                <label for=\"message\">Mesaj\u0131n\u0131z:<\/label>\n                <textarea id=\"message\" name=\"message\" rows=\"4\" required><\/textarea>\n\n                <button type=\"submit\">G\u00f6nder<\/button>\n            <\/form>\n        <\/section>\n        <section>\n            <h2>\u0130leti\u015fim Bilgileri<\/h2>\n            <p><strong>Telefon:<\/strong> 0850 308 1 495<\/p>\n            <p><strong>E-posta:<\/strong> info@maxibilisim.com.tr<\/p>\n            \n        <\/section>\n    <\/main>\n    <footer>\n        <p>&copy; 2022 Maxi Bili\u015fim T\u00fcm Haklar\u0131 Sakl\u0131d\u0131r.<\/p>\n    <\/footer>\n<\/body>\n<\/html>\n\n","protected":false},"excerpt":{"rendered":"<p>\u0130leti\u015fim Bize Ula\u015f\u0131n Ad\u0131n\u0131z: E-posta: Mesaj\u0131n\u0131z: G\u00f6nder \u0130leti\u015fim Bilgileri Telefon: 0850 308 1 495 E-posta: info@maxibilisim.com.tr &copy; 2022 Maxi Bili\u015fim T\u00fcm Haklar\u0131 Sakl\u0131d\u0131r.<\/p>\n","protected":false},"author":1,"featured_media":0,"parent":0,"menu_order":0,"comment_status":"closed","ping_status":"closed","template":"templates\/template-page-full-width.php","meta":{"footnotes":""},"class_list":["post-19","page","type-page","status-publish","hentry"],"_links":{"self":[{"href":"https:\/\/maxibilisim.com.tr\/index.php?rest_route=\/wp\/v2\/pages\/19"}],"collection":[{"href":"https:\/\/maxibilisim.com.tr\/index.php?rest_route=\/wp\/v2\/pages"}],"about":[{"href":"https:\/\/maxibilisim.com.tr\/index.php?rest_route=\/wp\/v2\/types\/page"}],"author":[{"embeddable":true,"href":"https:\/\/maxibilisim.com.tr\/index.php?rest_route=\/wp\/v2\/users\/1"}],"replies":[{"embeddable":true,"href":"https:\/\/maxibilisim.com.tr\/index.php?rest_route=%2Fwp%2Fv2%2Fcomments&post=19"}],"version-history":[{"count":4,"href":"https:\/\/maxibilisim.com.tr\/index.php?rest_route=\/wp\/v2\/pages\/19\/revisions"}],"predecessor-version":[{"id":49,"href":"https:\/\/maxibilisim.com.tr\/index.php?rest_route=\/wp\/v2\/pages\/19\/revisions\/49"}],"wp:attachment":[{"href":"https:\/\/maxibilisim.com.tr\/index.php?rest_route=%2Fwp%2Fv2%2Fmedia&parent=19"}],"curies":[{"name":"wp","href":"https:\/\/api.w.org\/{rel}","templated":true}]}}