{"id":17,"date":"2024-10-29T13:12:40","date_gmt":"2024-10-29T13:12:40","guid":{"rendered":"http:\/\/maxibilisim.com.tr\/?page_id=17"},"modified":"2024-10-29T14:29:46","modified_gmt":"2024-10-29T14:29:46","slug":"hizmetlerimiz","status":"publish","type":"page","link":"https:\/\/maxibilisim.com.tr\/?page_id=17","title":{"rendered":"Hizmetlerimiz"},"content":{"rendered":"\n<hr class=\"wp-block-separator has-alpha-channel-opacity\"\/>\n\n\n\n<p><strong>Bilgisayar ve Laptop Tamiri<\/strong> &#8211; Donan\u0131m onar\u0131m\u0131, par\u00e7a de\u011fi\u015fimi, performans art\u0131r\u0131m\u0131 gibi i\u015flemler.<\/p>\n\n\n\n<p><strong>Mobil Cihaz Onar\u0131m\u0131<\/strong> &#8211; Tablet tamiri, ekran de\u011fi\u015fimi, pil de\u011fi\u015fimi gibi hizmetler.<\/p>\n\n\n\n<p><strong>A\u011f ve Network Altyap\u0131 Kurulumu<\/strong> &#8211; Yerel a\u011f kurulumu, kablolu\/kablosuz a\u011f \u00e7\u00f6z\u00fcmleri, modem ve router ayarlar\u0131.<\/p>\n\n\n\n<p><strong>Sunucu ve Veri Depolama \u00c7\u00f6z\u00fcmleri<\/strong> &#8211; Sunucu kurulumlar\u0131, veri depolama ve yedekleme hizmetleri.<\/p>\n\n\n\n<p><strong>Yaz\u0131l\u0131m Destek ve Kurulum<\/strong> &#8211; \u0130\u015fletim sistemleri ve di\u011fer yaz\u0131l\u0131mlar\u0131n kurulumu, lisanslama, g\u00fcncelleme.<\/p>\n\n\n\n<p><strong>G\u00fcvenlik Sistemleri ve Siber G\u00fcvenlik<\/strong> &#8211; Kamera kurulumlar\u0131, a\u011f g\u00fcvenli\u011fi, veri g\u00fcvenli\u011fi hizmetleri.<\/p>\n\n\n\n<p><strong>\u0130\u015fletme Destek Hizmetleri<\/strong> &#8211; K\u00fc\u00e7\u00fck ve orta \u00f6l\u00e7ekli i\u015fletmeler i\u00e7in \u00f6zel teknoloji ve IT destek \u00e7\u00f6z\u00fcmleri.<\/p>\n\n\n\n<p><strong>Teknik Destek ve Bak\u0131m Anla\u015fmalar\u0131<\/strong> &#8211; Periyodik bak\u0131m, uzaktan destek ve y\u0131ll\u0131k bak\u0131m anla\u015fmalar\u0131.<\/p>\n\n\n\n<p><strong>Veri Kurtarma Hizmetleri<\/strong> &#8211; Silinen dosyalar\u0131n geri getirilmesi, veri kurtarma \u00e7\u00f6z\u00fcmleri.<\/p>\n\n\n\n<p><strong>Yedekleme ve Bulut \u00c7\u00f6z\u00fcmleri<\/strong> &#8211; Bulut depolama kurulumlar\u0131, otomatik yedekleme \u00e7\u00f6z\u00fcmleri.<\/p>\n\n\n\n<p><strong>Donan\u0131m Sat\u0131\u015f ve Kurulum<\/strong> &#8211; Bilgisayar, sunucu ve di\u011fer donan\u0131mlar\u0131n tedariki ve kurulumu.<\/p>\n\n\n\n<p><strong>Ak\u0131ll\u0131 Ev \u00c7\u00f6z\u00fcmleri<\/strong> &#8211; Ak\u0131ll\u0131 cihaz kurulumlar\u0131, IoT entegrasyonu, uzaktan eri\u015fim \u00e7\u00f6z\u00fcmleri.<\/p>\n\n\n\n<p><\/p>\n\n\n\n<p><\/p>\n\n\n\n<p><\/p>\n\n\n<div class=\"is-default-size aligncenter wp-block-site-logo\"><a href=\"https:\/\/maxibilisim.com.tr\/\" class=\"custom-logo-link\" rel=\"home\"><img loading=\"lazy\" decoding=\"async\" width=\"110\" height=\"74\" src=\"https:\/\/maxibilisim.com.tr\/wp-content\/uploads\/2024\/10\/logo.jpg\" class=\"custom-logo\" alt=\"Maxi Bili\u015fim\" \/><\/a><\/div>\n\n\n<p><\/p>\n","protected":false},"excerpt":{"rendered":"<p>Bilgisayar ve Laptop Tamiri &#8211; Donan\u0131m onar\u0131m\u0131, par\u00e7a de\u011fi\u015fimi, performans art\u0131r\u0131m\u0131 gibi i\u015flemler. Mobil Cihaz Onar\u0131m\u0131 &#8211; Tablet tamiri, ekran de\u011fi\u015fimi, pil de\u011fi\u015fimi gibi hizmetler. A\u011f ve Network Altyap\u0131 Kurulumu &#8211; Yerel a\u011f kurulumu, kablolu\/kablosuz a\u011f \u00e7\u00f6z\u00fcmleri, modem ve router ayarlar\u0131. Sunucu ve Veri Depolama \u00c7\u00f6z\u00fcmleri &#8211; Sunucu kurulumlar\u0131, veri depolama ve yedekleme hizmetleri. Yaz\u0131l\u0131m [&hellip;]<\/p>\n","protected":false},"author":1,"featured_media":0,"parent":0,"menu_order":0,"comment_status":"closed","ping_status":"closed","template":"templates\/template-page-full-width.php","meta":{"footnotes":""},"class_list":["post-17","page","type-page","status-publish","hentry"],"_links":{"self":[{"href":"https:\/\/maxibilisim.com.tr\/index.php?rest_route=\/wp\/v2\/pages\/17"}],"collection":[{"href":"https:\/\/maxibilisim.com.tr\/index.php?rest_route=\/wp\/v2\/pages"}],"about":[{"href":"https:\/\/maxibilisim.com.tr\/index.php?rest_route=\/wp\/v2\/types\/page"}],"author":[{"embeddable":true,"href":"https:\/\/maxibilisim.com.tr\/index.php?rest_route=\/wp\/v2\/users\/1"}],"replies":[{"embeddable":true,"href":"https:\/\/maxibilisim.com.tr\/index.php?rest_route=%2Fwp%2Fv2%2Fcomments&post=17"}],"version-history":[{"count":4,"href":"https:\/\/maxibilisim.com.tr\/index.php?rest_route=\/wp\/v2\/pages\/17\/revisions"}],"predecessor-version":[{"id":52,"href":"https:\/\/maxibilisim.com.tr\/index.php?rest_route=\/wp\/v2\/pages\/17\/revisions\/52"}],"wp:attachment":[{"href":"https:\/\/maxibilisim.com.tr\/index.php?rest_route=%2Fwp%2Fv2%2Fmedia&parent=17"}],"curies":[{"name":"wp","href":"https:\/\/api.w.org\/{rel}","templated":true}]}}